{"id":537,"date":"2026-02-16T20:22:55","date_gmt":"2026-02-16T20:22:55","guid":{"rendered":"https:\/\/manuelguerreiro.com\/team\/"},"modified":"2026-03-12T16:02:32","modified_gmt":"2026-03-12T16:02:32","slug":"team","status":"publish","type":"page","link":"https:\/\/mgcoachingcompany.com\/pt\/team\/","title":{"rendered":"Os nossos Coaches"},"content":{"rendered":"<div class=\"wp-block-group alignwide has-global-padding is-layout-constrained wp-block-group-is-layout-constrained\">\n<div class=\"wp-block-group alignwide is-vertical is-content-justification-left is-layout-flex wp-container-core-group-is-layout-231d3342 wp-block-group-is-layout-flex\" id=\"OurCoaches\">\n<div class=\"wp-block-group has-tertiary-background-color has-background has-global-padding is-layout-constrained wp-container-core-group-is-layout-a9c49bdc wp-block-group-is-layout-constrained\" style=\"border-radius:0px;padding-top:var(--wp--preset--spacing--20);padding-right:var(--wp--preset--spacing--20);padding-bottom:var(--wp--preset--spacing--20);padding-left:var(--wp--preset--spacing--20)\">\n<p class=\"has-text-align-left has-small-font-size\" style=\"font-style:normal;font-weight:600;letter-spacing:0.05rem;text-transform:uppercase\">A nossa equipa<\/p>\n<\/div>\n<\/div>\n\n\n\n<div id=\"OurTeam\" class=\"wp-block-group is-layout-flow wp-block-group-is-layout-flow\">\n<h2 class=\"wp-block-heading has-primary-color has-text-color has-link-color wp-elements-1b044257a620e79afc0a5a5575cda8c4\">Os nossos Coaches<\/h2>\n<\/div>\n\n\n\n<div class=\"wp-block-group alignwide has-global-padding is-layout-constrained wp-block-group-is-layout-constrained\" id=\"what-differentiates-us\">\n<div style=\"height:var(--wp--preset--spacing--50)\" aria-hidden=\"true\" class=\"wp-block-spacer\"><\/div>\n\n\n\n<div class=\"wp-block-columns alignwide is-layout-flex wp-container-core-columns-is-layout-30cd009e wp-block-columns-is-layout-flex\">\n<div class=\"wp-block-column is-vertically-aligned-stretch is-layout-flow wp-block-column-is-layout-flow\">\n<div class=\"wp-block-group has-secondary-background-color has-background wp-container-content-9cfa9a5a is-vertical is-content-justification-stretch is-nowrap is-layout-flex wp-container-core-group-is-layout-77406bd6 wp-block-group-is-layout-flex\" style=\"border-radius:35px;min-height:100%;padding-top:var(--wp--preset--spacing--40);padding-right:var(--wp--preset--spacing--40);padding-bottom:var(--wp--preset--spacing--40);padding-left:var(--wp--preset--spacing--40)\">\n<figure class=\"wp-block-image size-full has-custom-border\"><img loading=\"lazy\" decoding=\"async\" width=\"1024\" height=\"682\" src=\"https:\/\/mgcoachingcompany.com\/wp-content\/uploads\/2026\/02\/WhatsApp-Image-2026-02-12-at-19.03.49.jpeg\" alt=\"\" class=\"wp-image-517\" style=\"border-top-left-radius:25px;border-top-right-radius:25px;border-bottom-left-radius:25px;border-bottom-right-radius:25px;aspect-ratio:1;object-fit:cover\" srcset=\"https:\/\/mgcoachingcompany.com\/wp-content\/uploads\/2026\/02\/WhatsApp-Image-2026-02-12-at-19.03.49.jpeg 1024w, https:\/\/mgcoachingcompany.com\/wp-content\/uploads\/2026\/02\/WhatsApp-Image-2026-02-12-at-19.03.49-300x200.jpeg 300w, https:\/\/mgcoachingcompany.com\/wp-content\/uploads\/2026\/02\/WhatsApp-Image-2026-02-12-at-19.03.49-768x512.jpeg 768w\" sizes=\"auto, (max-width: 1024px) 100vw, 1024px\" \/><\/figure>\n\n\n\n<div class=\"wp-block-group is-vertical is-content-justification-stretch is-layout-flex wp-container-core-group-is-layout-e97d0e0e wp-block-group-is-layout-flex\">\n<h2 class=\"wp-block-heading has-primary-color has-text-color has-link-color wp-elements-f8c7f1fef0d993bef4b9bb4ae2b65f53\">Manuel Guerreiro<\/h2>\n\n\n\n<h4 class=\"wp-block-heading\">Professional Certified Coach &amp; Organizational Psychologist<\/h4>\n\n\n\n<p class=\"translation-block\">Com mais de 20 anos de experi\u00eancia em multinacionais globais \u2014 Liberty Mutual \u2192 Barclays Bank \u2192 Philip Morris International \u2192 Arrow Global \u2014 vivi de perto todo o ciclo organizacional, desde fases de r\u00e1pida expans\u00e3o at\u00e9 per\u00edodos de redu\u00e7\u00e3o significativa de equipas. Comecei a liderar equipas aos 23 anos, fui Diretor de Recursos Humanos na Whitestar Asset Solutions e na Norfin, e posteriormente liderei as \u00e1reas de Recursos Humanos e Comunica\u00e7\u00e3o da Arrow Global no Sul da Europa, com responsabilidade por oito empresas em It\u00e1lia, Portugal e Alb\u00e2nia, antes de assumir a fun\u00e7\u00e3o de Group People Experience Director, respons\u00e1vel pela estrat\u00e9gia global de pessoas e desenvolvimento organizacional do Grupo. Anteriormente, desempenhei fun\u00e7\u00f5es como Diretor de Recursos Humanos na Philip Morris International na Rom\u00e9nia e como Head of HR na unidade industrial da Tabaqueira em Portugal, tendo tamb\u00e9m passado pelo Barclays Bank em Espanha e Portugal e iniciado a minha carreira na Liberty Mutual.\nAo longo deste percurso, naveguei transi\u00e7\u00f5es profundas \u2014 do setor banc\u00e1rio para contextos industriais, de culturas organizacionais assentes na tradi\u00e7\u00e3o para ambientes \u00e1geis e orientados para a transforma\u00e7\u00e3o. As minhas experi\u00eancias internacionais permitiram-me mergulhar em diferentes culturas, l\u00ednguas e formas de trabalhar, enriquecendo a minha sensibilidade cultural, alargando a minha rede global e fortalecendo a minha vis\u00e3o estrat\u00e9gica.\nEnquanto membro de comiss\u00f5es executivas ao longo de v\u00e1rios anos, desenvolvi uma empatia profunda pelas realidades, desafios e responsabilidades da lideran\u00e7a \u2014 uma perspetiva interna que s\u00f3 a experi\u00eancia direta nos n\u00edveis mais elevados de gest\u00e3o pode proporcionar.\nEnquanto profissional de Recursos Humanos, compreendi que \u00e9 poss\u00edvel gerar um impacto profundamente positivo ao colocar o bem-estar e a felicidade dos colaboradores no centro das prioridades do dia a dia \u2014 e \u00e9 isso que continua a alimentar a minha motiva\u00e7\u00e3o.<\/p>\n\n\n\n<p><strong>Forma\u00e7\u00e3o Acad\u00e9mica e Profissional<\/strong><\/p>\n\n\n\n<p>Certificado como Professional Certified Coach (PCC) pela International Coaching Federation e licenciado em Psicologia pelo Instituto Superior de Psicologia Aplicada, \u00e9 membro efetivo da Ordem dos Psic\u00f3logos Portugueses, com a c\u00e9dula profissional n.\u00ba 133364. A sua forma\u00e7\u00e3o avan\u00e7ada inclui institui\u00e7\u00f5es de refer\u00eancia como o ILM London, a International Coach Academy, o MIT Sloan School of Management, a Universidade Cat\u00f3lica Portuguesa, a BTS e a Universidade Nova de Lisboa.\n\nEsta base s\u00f3lida em psicologia, gest\u00e3o executiva, lideran\u00e7a e neuroci\u00eancia permite-lhe trazer uma perspetiva cient\u00edfica e hol\u00edstica a cada processo de coaching.<\/p>\n\n\n\n<p><strong>Proposta de Valor<\/strong><\/p>\n\n\n\n<p>Atualmente, como Professional Certified Coach (PCC\/ICF) e Psic\u00f3logo Organizacional, j\u00e1 realizei mais de 3.000 horas de executive coaching com l\u00edderes de mais de 15 nacionalidades. O meu trabalho ganha profundidade atrav\u00e9s da experi\u00eancia direta com as exig\u00eancias da responsabilidade corporativa, o percurso entre o reconhecimento e o burnout, e o equil\u00edbrio delicado entre a realiza\u00e7\u00e3o profissional e a realiza\u00e7\u00e3o pessoal. <\/p>\n\n\n\n<p>Como fundador da MG Coaching Company, facilito a \u201cdan\u00e7a\u201d entre organiza\u00e7\u00e3o e colaborador \u2014 ajudando l\u00edderes a alinhar ambi\u00e7\u00e3o com bem-estar, enquanto alcan\u00e7am resultados ao n\u00edvel do desempenho profissional, da transforma\u00e7\u00e3o pessoal e da mudan\u00e7a organizacional.\n\nCriar impacto positivo nas pessoas \u00e9 simultaneamente a minha motiva\u00e7\u00e3o di\u00e1ria e o meu compromisso profissional.<\/p>\n<\/div>\n<\/div>\n\n\n\n<div style=\"height:100px\" aria-hidden=\"true\" class=\"wp-block-spacer\"><\/div>\n<\/div>\n\n\n\n<div class=\"wp-block-column is-vertically-aligned-stretch is-layout-flow wp-block-column-is-layout-flow\">\n<div class=\"wp-block-group has-secondary-background-color has-background wp-container-content-9cfa9a5a is-vertical is-content-justification-stretch is-nowrap is-layout-flex wp-container-core-group-is-layout-77406bd6 wp-block-group-is-layout-flex\" style=\"border-radius:35px;min-height:100%;padding-top:var(--wp--preset--spacing--40);padding-right:var(--wp--preset--spacing--40);padding-bottom:var(--wp--preset--spacing--40);padding-left:var(--wp--preset--spacing--40)\">\n<figure class=\"wp-block-image size-full has-custom-border\"><img loading=\"lazy\" decoding=\"async\" width=\"1358\" height=\"1600\" src=\"https:\/\/mgcoachingcompany.com\/wp-content\/uploads\/2026\/02\/Miguel.jpeg\" alt=\"\" class=\"wp-image-483\" style=\"border-top-left-radius:25px;border-top-right-radius:25px;border-bottom-left-radius:25px;border-bottom-right-radius:25px;aspect-ratio:1;object-fit:cover\" srcset=\"https:\/\/mgcoachingcompany.com\/wp-content\/uploads\/2026\/02\/Miguel.jpeg 1358w, https:\/\/mgcoachingcompany.com\/wp-content\/uploads\/2026\/02\/Miguel-255x300.jpeg 255w, https:\/\/mgcoachingcompany.com\/wp-content\/uploads\/2026\/02\/Miguel-869x1024.jpeg 869w, https:\/\/mgcoachingcompany.com\/wp-content\/uploads\/2026\/02\/Miguel-768x905.jpeg 768w, https:\/\/mgcoachingcompany.com\/wp-content\/uploads\/2026\/02\/Miguel-1304x1536.jpeg 1304w\" sizes=\"auto, (max-width: 1358px) 100vw, 1358px\" \/><\/figure>\n\n\n\n<div class=\"wp-block-group is-vertical is-content-justification-stretch is-layout-flex wp-container-core-group-is-layout-e97d0e0e wp-block-group-is-layout-flex\">\n<h2 class=\"wp-block-heading has-primary-color has-text-color has-link-color wp-elements-082d8bf7f81ac5314b9bd2f6789b200a\">Miguel Tomaz Rosa<\/h2>\n\n\n\n<h4 class=\"wp-block-heading\">Associate Certified Coach and Psychotherapist<\/h4>\n\n\n\n<p>Com forma\u00e7\u00e3o em Psicologia Cl\u00ednica, constru\u00ed uma carreira internacional na interse\u00e7\u00e3o entre psicologia, sa\u00fade mental e desenvolvimento humano, em contextos organizacionais exigentes. Iniciei o meu percurso no Reino Unido, na gest\u00e3o de unidades de sa\u00fade mental; posteriormente, ao longo de uma d\u00e9cada numa empresa americana de \"Employee Assistance Program\", prestei apoio psicol\u00f3gico e coaching (carreira, desempenho, stress, burnout) a colaboradores de multinacionais como Google, Facebook, Netflix, Mercedes-Benz, Nokia e Deloitte, num contexto global.<\/p>\n\n\n\n<p><strong>Forma\u00e7\u00e3o Acad\u00e9mica e Profissional<\/strong><\/p>\n\n\n\n<p>Sou licenciado em Psicologia Cl\u00ednica, com especializa\u00e7\u00e3o em Psicoterapia Psicanal\u00edtica, e certificada como Associate Certified Coach (ACC) pela International Coaching Federation. Ao longo do meu percurso, tenho investido continuamente em forma\u00e7\u00e3o nas \u00e1reas da psicologia cl\u00ednica, coaching, desenvolvimento humano e funcionamento psicol\u00f3gico em contextos profissionais de elevada exig\u00eancia, combinando uma base cl\u00ednica s\u00f3lida com ferramentas de interven\u00e7\u00e3o adaptadas aos contextos organizacionais. <\/p>\n\n\n\n<p>Esta combina\u00e7\u00e3o de forma\u00e7\u00e3o em psicologia e certifica\u00e7\u00e3o em coaching permite-me trabalhar de forma integrada processos de mudan\u00e7a, desenvolvimento pessoal e desempenho, mantendo uma compreens\u00e3o profunda das din\u00e2micas individuais e relacionais.<\/p>\n\n\n\n<p><strong>Proposta de Valor<\/strong><\/p>\n\n\n\n<p>Ao longo do meu percurso profissional, tive a oportunidade de trabalhar com profissionais de diferentes setores, culturas e n\u00edveis de responsabilidade, o que me permitiu desenvolver uma compreens\u00e3o profunda das exig\u00eancias psicol\u00f3gicas associadas ao mundo corporativo atual. O meu trabalho foca-se sobretudo em temas como stress cr\u00f3nico, burnout, identidade profissional, tomada de decis\u00e3o, regula\u00e7\u00e3o emocional e o equil\u00edbrio entre desempenho e bem-estar.<\/p>\n\n\n\n<p>A minha pr\u00e1tica assenta no contacto direto com as exig\u00eancias reais da vida profissional, combinando uma escuta cl\u00ednica rigorosa com uma abordagem pr\u00e1tica e orientada para resultados. Estas experi\u00eancias permitem-me apoiar cada pessoa de forma personalizada e ajustada ao seu contexto.<\/p>\n<\/div>\n<\/div>\n\n\n\n<div style=\"height:100px\" aria-hidden=\"true\" class=\"wp-block-spacer\"><\/div>\n<\/div>\n<\/div>\n\n\n\n<div style=\"height:var(--wp--preset--spacing--50)\" aria-hidden=\"true\" class=\"wp-block-spacer\"><\/div>\n<\/div>\n<\/div>","protected":false},"excerpt":{"rendered":"<p>Our Team Our Coaches Manuel Guerreiro Professional Certified Coach &amp; Organizational Psychologist With 20+ years across global multinationals \u2192 Liberty Mutual \u2192 Barclays Bank \u2192 Philip Morris International \u2192 Arrow Global,\u2014 I have lived the full organizational lifecycle, from rapid expansion to significant workforce reductions. I led teams from the age of 23, served as [&hellip;]<\/p>\n","protected":false},"author":1,"featured_media":0,"parent":0,"menu_order":0,"comment_status":"closed","ping_status":"closed","template":"","meta":{"content-type":"","inline_featured_image":false,"footnotes":""},"class_list":["post-537","page","type-page","status-publish","hentry"],"yoast_head":"<!-- This site is optimized with the Yoast SEO plugin v27.1.1 - https:\/\/yoast.com\/product\/yoast-seo-wordpress\/ -->\n<title>Our Coaches - MG Coaching Company | Professional Certified Coaching Services<\/title>\n<meta name=\"description\" content=\"Our Coaches - MG Coaching Company | Professional Certified Coaching Services -\" \/>\n<meta name=\"robots\" content=\"index, follow, max-snippet:-1, max-image-preview:large, max-video-preview:-1\" \/>\n<link rel=\"canonical\" href=\"https:\/\/mgcoachingcompany.com\/pt\/team\/\" \/>\n<meta property=\"og:locale\" content=\"pt_PT\" \/>\n<meta property=\"og:type\" content=\"article\" \/>\n<meta property=\"og:title\" content=\"Our Coaches - MG Coaching Company | Professional Certified Coaching Services\" \/>\n<meta property=\"og:description\" content=\"Our Coaches - MG Coaching Company | Professional Certified Coaching Services -\" \/>\n<meta property=\"og:url\" content=\"https:\/\/mgcoachingcompany.com\/pt\/team\/\" \/>\n<meta property=\"og:site_name\" content=\"MG Coaching Company | Professional Certified Coaching Services\" \/>\n<meta property=\"article:modified_time\" content=\"2026-03-12T16:02:32+00:00\" \/>\n<meta property=\"og:image\" content=\"https:\/\/mgcoachingcompany.com\/wp-content\/uploads\/2026\/02\/WhatsApp-Image-2026-02-12-at-19.03.49.jpeg\" \/>\n\t<meta property=\"og:image:width\" content=\"1024\" \/>\n\t<meta property=\"og:image:height\" content=\"682\" \/>\n\t<meta property=\"og:image:type\" content=\"image\/jpeg\" \/>\n<meta name=\"twitter:card\" content=\"summary_large_image\" \/>\n<meta name=\"twitter:label1\" content=\"Tempo estimado de leitura\" \/>\n\t<meta name=\"twitter:data1\" content=\"4 minutos\" \/>\n<script type=\"application\/ld+json\" class=\"yoast-schema-graph\">{\"@context\":\"https:\/\/schema.org\",\"@graph\":[{\"@type\":\"WebPage\",\"@id\":\"https:\/\/mgcoachingcompany.com\/team\/\",\"url\":\"https:\/\/mgcoachingcompany.com\/team\/\",\"name\":\"Our Coaches - MG Coaching Company | Professional Certified Coaching Services\",\"isPartOf\":{\"@id\":\"https:\/\/mgcoachingcompany.com\/#website\"},\"primaryImageOfPage\":{\"@id\":\"https:\/\/mgcoachingcompany.com\/team\/#primaryimage\"},\"image\":{\"@id\":\"https:\/\/mgcoachingcompany.com\/team\/#primaryimage\"},\"thumbnailUrl\":\"https:\/\/mgcoachingcompany.com\/wp-content\/uploads\/2026\/02\/WhatsApp-Image-2026-02-12-at-19.03.49.jpeg\",\"datePublished\":\"2026-02-16T20:22:55+00:00\",\"dateModified\":\"2026-03-12T16:02:32+00:00\",\"description\":\"Our Coaches - MG Coaching Company | Professional Certified Coaching Services -\",\"breadcrumb\":{\"@id\":\"https:\/\/mgcoachingcompany.com\/team\/#breadcrumb\"},\"inLanguage\":\"pt-PT\",\"potentialAction\":[{\"@type\":\"ReadAction\",\"target\":[\"https:\/\/mgcoachingcompany.com\/team\/\"]}]},{\"@type\":\"ImageObject\",\"inLanguage\":\"pt-PT\",\"@id\":\"https:\/\/mgcoachingcompany.com\/team\/#primaryimage\",\"url\":\"https:\/\/mgcoachingcompany.com\/wp-content\/uploads\/2026\/02\/WhatsApp-Image-2026-02-12-at-19.03.49.jpeg\",\"contentUrl\":\"https:\/\/mgcoachingcompany.com\/wp-content\/uploads\/2026\/02\/WhatsApp-Image-2026-02-12-at-19.03.49.jpeg\"},{\"@type\":\"BreadcrumbList\",\"@id\":\"https:\/\/mgcoachingcompany.com\/team\/#breadcrumb\",\"itemListElement\":[{\"@type\":\"ListItem\",\"position\":1,\"name\":\"In\u00edcio\",\"item\":\"https:\/\/mgcoachingcompany.com\/\"},{\"@type\":\"ListItem\",\"position\":2,\"name\":\"Our Coaches\"}]},{\"@type\":\"WebSite\",\"@id\":\"https:\/\/mgcoachingcompany.com\/#website\",\"url\":\"https:\/\/mgcoachingcompany.com\/\",\"name\":\"MG Coaching Company | Professional Certified Coaching Services\",\"description\":\"Professional Certified Coaching Services\",\"publisher\":{\"@id\":\"https:\/\/mgcoachingcompany.com\/#organization\"},\"alternateName\":\"MGCoachingCompany.com\",\"potentialAction\":[{\"@type\":\"SearchAction\",\"target\":{\"@type\":\"EntryPoint\",\"urlTemplate\":\"https:\/\/mgcoachingcompany.com\/?s={search_term_string}\"},\"query-input\":{\"@type\":\"PropertyValueSpecification\",\"valueRequired\":true,\"valueName\":\"search_term_string\"}}],\"inLanguage\":\"pt-PT\"},{\"@type\":\"Organization\",\"@id\":\"https:\/\/mgcoachingcompany.com\/#organization\",\"name\":\"MG Coaching Company - Executive & Life Coaching\",\"alternateName\":\"MGCoachingCompany.com\",\"url\":\"https:\/\/mgcoachingcompany.com\/\",\"logo\":{\"@type\":\"ImageObject\",\"inLanguage\":\"pt-PT\",\"@id\":\"https:\/\/mgcoachingcompany.com\/#\/schema\/logo\/image\/\",\"url\":\"https:\/\/mgcoachingcompany.com\/wp-content\/uploads\/2026\/01\/MGCoaching_logo.png\",\"contentUrl\":\"https:\/\/mgcoachingcompany.com\/wp-content\/uploads\/2026\/01\/MGCoaching_logo.png\",\"width\":500,\"height\":500,\"caption\":\"MG Coaching Company - Executive & Life Coaching\"},\"image\":{\"@id\":\"https:\/\/mgcoachingcompany.com\/#\/schema\/logo\/image\/\"},\"sameAs\":[\"https:\/\/www.linkedin.com\/company\/mg-coaching-company\/\",\"https:\/\/www.instagram.com\/coachmanuelguerreiro\/\"]}]}<\/script>\n<!-- \/ Yoast SEO plugin. -->","yoast_head_json":{"title":"Our Coaches - MG Coaching Company | Professional Certified Coaching Services","description":"Our Coaches - MG Coaching Company | Professional Certified Coaching Services -","robots":{"index":"index","follow":"follow","max-snippet":"max-snippet:-1","max-image-preview":"max-image-preview:large","max-video-preview":"max-video-preview:-1"},"canonical":"https:\/\/mgcoachingcompany.com\/pt\/team\/","og_locale":"pt_PT","og_type":"article","og_title":"Our Coaches - MG Coaching Company | Professional Certified Coaching Services","og_description":"Our Coaches - MG Coaching Company | Professional Certified Coaching Services -","og_url":"https:\/\/mgcoachingcompany.com\/pt\/team\/","og_site_name":"MG Coaching Company | Professional Certified Coaching Services","article_modified_time":"2026-03-12T16:02:32+00:00","og_image":[{"width":1024,"height":682,"url":"https:\/\/mgcoachingcompany.com\/wp-content\/uploads\/2026\/02\/WhatsApp-Image-2026-02-12-at-19.03.49.jpeg","type":"image\/jpeg"}],"twitter_card":"summary_large_image","twitter_misc":{"Tempo estimado de leitura":"4 minutos"},"schema":{"@context":"https:\/\/schema.org","@graph":[{"@type":"WebPage","@id":"https:\/\/mgcoachingcompany.com\/team\/","url":"https:\/\/mgcoachingcompany.com\/team\/","name":"Our Coaches - MG Coaching Company | Professional Certified Coaching Services","isPartOf":{"@id":"https:\/\/mgcoachingcompany.com\/#website"},"primaryImageOfPage":{"@id":"https:\/\/mgcoachingcompany.com\/team\/#primaryimage"},"image":{"@id":"https:\/\/mgcoachingcompany.com\/team\/#primaryimage"},"thumbnailUrl":"https:\/\/mgcoachingcompany.com\/wp-content\/uploads\/2026\/02\/WhatsApp-Image-2026-02-12-at-19.03.49.jpeg","datePublished":"2026-02-16T20:22:55+00:00","dateModified":"2026-03-12T16:02:32+00:00","description":"Our Coaches - MG Coaching Company | Professional Certified Coaching Services -","breadcrumb":{"@id":"https:\/\/mgcoachingcompany.com\/team\/#breadcrumb"},"inLanguage":"pt-PT","potentialAction":[{"@type":"ReadAction","target":["https:\/\/mgcoachingcompany.com\/team\/"]}]},{"@type":"ImageObject","inLanguage":"pt-PT","@id":"https:\/\/mgcoachingcompany.com\/team\/#primaryimage","url":"https:\/\/mgcoachingcompany.com\/wp-content\/uploads\/2026\/02\/WhatsApp-Image-2026-02-12-at-19.03.49.jpeg","contentUrl":"https:\/\/mgcoachingcompany.com\/wp-content\/uploads\/2026\/02\/WhatsApp-Image-2026-02-12-at-19.03.49.jpeg"},{"@type":"BreadcrumbList","@id":"https:\/\/mgcoachingcompany.com\/team\/#breadcrumb","itemListElement":[{"@type":"ListItem","position":1,"name":"In\u00edcio","item":"https:\/\/mgcoachingcompany.com\/"},{"@type":"ListItem","position":2,"name":"Our Coaches"}]},{"@type":"WebSite","@id":"https:\/\/mgcoachingcompany.com\/#website","url":"https:\/\/mgcoachingcompany.com\/","name":"MG Coaching Company | Servi\u00e7os de Coaching Profissional Certificado","description":"Professional Certified Coaching Services","publisher":{"@id":"https:\/\/mgcoachingcompany.com\/#organization"},"alternateName":"MGCoachingCompany.com","potentialAction":[{"@type":"SearchAction","target":{"@type":"EntryPoint","urlTemplate":"https:\/\/mgcoachingcompany.com\/?s={search_term_string}"},"query-input":{"@type":"PropertyValueSpecification","valueRequired":true,"valueName":"search_term_string"}}],"inLanguage":"pt-PT"},{"@type":"Organization","@id":"https:\/\/mgcoachingcompany.com\/#organization","name":"MG Coaching Company - Executive & Life Coaching","alternateName":"MGCoachingCompany.com","url":"https:\/\/mgcoachingcompany.com\/","logo":{"@type":"ImageObject","inLanguage":"pt-PT","@id":"https:\/\/mgcoachingcompany.com\/#\/schema\/logo\/image\/","url":"https:\/\/mgcoachingcompany.com\/wp-content\/uploads\/2026\/01\/MGCoaching_logo.png","contentUrl":"https:\/\/mgcoachingcompany.com\/wp-content\/uploads\/2026\/01\/MGCoaching_logo.png","width":500,"height":500,"caption":"MG Coaching Company - Executive & Life Coaching"},"image":{"@id":"https:\/\/mgcoachingcompany.com\/#\/schema\/logo\/image\/"},"sameAs":["https:\/\/www.linkedin.com\/company\/mg-coaching-company\/","https:\/\/www.instagram.com\/coachmanuelguerreiro\/"]}]}},"_links":{"self":[{"href":"https:\/\/mgcoachingcompany.com\/pt\/wp-json\/wp\/v2\/pages\/537","targetHints":{"allow":["GET"]}}],"collection":[{"href":"https:\/\/mgcoachingcompany.com\/pt\/wp-json\/wp\/v2\/pages"}],"about":[{"href":"https:\/\/mgcoachingcompany.com\/pt\/wp-json\/wp\/v2\/types\/page"}],"author":[{"embeddable":true,"href":"https:\/\/mgcoachingcompany.com\/pt\/wp-json\/wp\/v2\/users\/1"}],"replies":[{"embeddable":true,"href":"https:\/\/mgcoachingcompany.com\/pt\/wp-json\/wp\/v2\/comments?post=537"}],"version-history":[{"count":5,"href":"https:\/\/mgcoachingcompany.com\/pt\/wp-json\/wp\/v2\/pages\/537\/revisions"}],"predecessor-version":[{"id":673,"href":"https:\/\/mgcoachingcompany.com\/pt\/wp-json\/wp\/v2\/pages\/537\/revisions\/673"}],"wp:attachment":[{"href":"https:\/\/mgcoachingcompany.com\/pt\/wp-json\/wp\/v2\/media?parent=537"}],"curies":[{"name":"wp","href":"https:\/\/api.w.org\/{rel}","templated":true}]}}